{"id":8,"date":"2024-10-27T16:01:10","date_gmt":"2024-10-27T15:01:10","guid":{"rendered":"http:\/\/beembo.com\/?page_id=8"},"modified":"2024-10-27T16:13:54","modified_gmt":"2024-10-27T15:13:54","slug":"accueil","status":"publish","type":"page","link":"https:\/\/beembo.com\/index.php\/accueil\/","title":{"rendered":"Beembo c\u2019est quoi, comment que \u00e7a marche ?"},"content":{"rendered":"\n<p>Les origines de Beembo remontent \u00e0 l\u2019ancien r\u00e9gime. Cette formation de technocrates v\u00e9lomanes \u00e9lev\u00e9s au grain (Marshall) est en effet un pur produit du r\u00e9gime rockarchique totalitaire.<\/p>\n\n\n\n<p>Sous l\u2019emprise arbitraire du plus tr\u00e8s jeune dauphin Jean Bimbo, qui pr\u00e9tend n\u2019avoir jamais revendiqu\u00e9 le tr\u00f4ne, le groupe est enferm\u00e9 depuis deux ans dans le cachot insalubre mais insonoris\u00e9 de la petite citadelle parisienne de la rue Voltaire.<\/p>\n\n\n\n<p>Entass\u00e9s dans ce r\u00e9duit d\u2019\u00e0 peine 10 m2 (2,5 m\u00e8tres loi Carrez) les six pauvres bougres tissent laborieusement leur toile rock \u00e9toil\u00e9e, avec pour seule pitance de la bi\u00e8re, des cibiches et des fisherman. De plus, un r\u00e9cent d\u00e9g\u00e2t des eaux us\u00e9es vient d\u2019y ajouter une humide touche olfactive.<\/p>\n\n\n\n<p>Un rock despotique, certes, mais \u00e9clair\u00e9 par les deux ampoules 25 watts du cachot de r\u00e9p\u00e9tition, qui clignotent pendues \u00e0 un fil, lui aussi d\u00e9nud\u00e9 (les for\u00e7ats sont en effet v\u00eatus de malheureux bouts de ficelles reli\u00e9s entre eux par quelques bandes de chatterton).<\/p>\n\n\n\n<p>Un rock \u00e9clair\u00e9, qui ne cache pas ses liens avec la noblesse de robe:<\/p>\n\n\n\n<p>-Selon certains observateurs, Jean-Ren\u00e9 Hendrix aurait \u00e9t\u00e9 aper\u00e7u entre deux accords du morceau Peace &amp; love ; horrifi\u00e9 par cette apparition, il aurait d\u00e9cid\u00e9 d\u2019augmenter sa dose quotidienne de Benco provoquant ainsi la fameuse overdose \u00e0 laquelle il a succomb\u00e9<\/p>\n\n\n\n<p>\u2013 G\u00e9rard Pixies a \u00e9t\u00e9 pris en otage quant \u00e0 lui sur quelques morceaux tels que Mortefontaine ou Amen l\u2019Ouest ; il se serait mis depuis au Yoga intensif<\/p>\n\n\n\n<p>-L\u2019haleine f\u00e9tide de Maurice de Stones et d\u2019Ernest des Pistoles de la Chose peut se ressentir au passage sur quelques Beembo tunes.<\/p>\n\n\n\n<p>A l\u2019usage, le Rock technocratique peut se r\u00e9v\u00e9ler dynamisant, voire urticant. La posologie inscrite sur la notice pr\u00e9cise que d\u00e8s les premi\u00e8res prises, des plaques rouges peuvent appara\u00eetre autour des oreilles et des d\u00e9mangeaisons dans les pieds survenir sporadiquement.<\/p>\n\n\n\n<p>Il est alors conseill\u00e9 d\u2019\u00e9taler un peu de musique de chambre sur les ouies pendant quelques minutes et de se masser les orteils avec de la cr\u00e8me new-age.<\/p>\n\n\n\n<p>C\u2019est la lutte des classes musicale au sein m\u00eame du groupe. Les gouvernants (Jean Bimbo, leader technocratique et Troue le Tom, leader charismatique) sont \u00e9videmment minoritaires et mieux pay\u00e9s que les gouvern\u00e9s (Marcel Kebab, P\u00e9p\u00e8re Man, Erikabanon, et T-Reepolain).<\/p>\n\n\n\n<p>Mais la r\u00e9volte gronde d\u00e9j\u00e0 :<\/p>\n\n\n\n<p>Marcel Kebab qui conteste le leader-cheap du technocrate, aurait pi\u00e9g\u00e9 son Kebab, mena\u00e7ant de le faire sauter \u00e0 la prochaine despotie<\/p>\n\n\n\n<p>Erikabanon envisage de son c\u00f4t\u00e9 de faire sonner son clairon le plus fr\u00e9quemment et le plus fort possible, pour r\u00e9veiller les masses laborieuses endormies sous le joug des tyrans<\/p>\n\n\n\n<p>Arm\u00e9 de son photoshop, T-Reepolain aurait fondu r\u00e9cemment sur le beembo pour en d\u00e9tourner l\u2019image ; il \u00e9diterait des affiches de concert subversives<\/p>\n\n\n\n<p>P\u00e9p\u00e8re-man, fid\u00e8le \u00e0 ses principes de non violence, aurait quant \u00e0 lui entam\u00e9 une protestation silencieuse mais efficace, en multipliant par trois la dur\u00e9e de ses retard aux r\u00e9p\u00e9titions.<\/p>\n\n\n\n<p>Bref, la nuit du 4 ao\u00fbt n\u2019est pas loin.<\/p>\n\n\n\n<p>Comment les deux l\u2019hideurs despotiques arriveront-ils \u00e0 contenir la r\u00e9volte pop-U-de quoi j\u2019ai l\u2019air ?<\/p>\n\n\n\n<p>Combien de temps Jean Beembo pourra-t-il encore pactiser avec son plus viel ennemi, Troue le Tom, pour interdire les manifestations d\u2019humour ?<\/p>\n\n\n\n<p>L\u2019opposition du cartel populeeste peut-elle constituer une force alternative cr\u00e9dible, susceptible de prendre le pouvoir et d\u2019\u00e9tablir un r\u00e9gime d\u00e9moc-rocktique capable de sortir le groupe de la clandestinit\u00e9 et de le conduire au Sussex ?<\/p>\n\n\n\n<p>L\u2019intrusions de forces \u00e9trang\u00e8res (clavier, ch\u0153urs\u2026) est-elle envisageable \u00e0 moyen terme et pourrait-elle d\u00e9stabiliser durablement le r\u00e9gime en place ?<\/p>\n\n\n\n<p>Autant de questions qui restent en suspend, et qui se posent avec acuit\u00e9 \u00e0 chaque concert.<\/p>\n","protected":false},"excerpt":{"rendered":"<p>Les origines de Beembo remontent \u00e0 l\u2019ancien r\u00e9gime. Cette formation de technocrates v\u00e9lomanes \u00e9lev\u00e9s au grain (Marshall) est en effet un pur produit du r\u00e9gime rockarchique totalitaire. Sous l\u2019emprise arbitraire du plus tr\u00e8s jeune dauphin Jean Bimbo, qui pr\u00e9tend n\u2019avoir jamais revendiqu\u00e9 le tr\u00f4ne, le groupe est enferm\u00e9 depuis deux ans dans le cachot insalubre &hellip; <\/p>\n<p class=\"link-more\"><a href=\"https:\/\/beembo.com\/index.php\/accueil\/\" class=\"more-link\">Continue reading<span class=\"screen-reader-text\"> &#8220;Beembo c\u2019est quoi, comment que \u00e7a marche ?&#8221;<\/span><\/a><\/p>\n","protected":false},"author":1,"featured_media":0,"parent":0,"menu_order":0,"comment_status":"closed","ping_status":"closed","template":"","meta":{"footnotes":""},"class_list":["post-8","page","type-page","status-publish","hentry"],"_links":{"self":[{"href":"https:\/\/beembo.com\/index.php\/wp-json\/wp\/v2\/pages\/8","targetHints":{"allow":["GET"]}}],"collection":[{"href":"https:\/\/beembo.com\/index.php\/wp-json\/wp\/v2\/pages"}],"about":[{"href":"https:\/\/beembo.com\/index.php\/wp-json\/wp\/v2\/types\/page"}],"author":[{"embeddable":true,"href":"https:\/\/beembo.com\/index.php\/wp-json\/wp\/v2\/users\/1"}],"replies":[{"embeddable":true,"href":"https:\/\/beembo.com\/index.php\/wp-json\/wp\/v2\/comments?post=8"}],"version-history":[{"count":2,"href":"https:\/\/beembo.com\/index.php\/wp-json\/wp\/v2\/pages\/8\/revisions"}],"predecessor-version":[{"id":37,"href":"https:\/\/beembo.com\/index.php\/wp-json\/wp\/v2\/pages\/8\/revisions\/37"}],"wp:attachment":[{"href":"https:\/\/beembo.com\/index.php\/wp-json\/wp\/v2\/media?parent=8"}],"curies":[{"name":"wp","href":"https:\/\/api.w.org\/{rel}","templated":true}]}}